{"id":1998,"date":"2021-11-22T20:05:09","date_gmt":"2021-11-22T20:05:09","guid":{"rendered":"https:\/\/coblince.com.mx\/?page_id=1998"},"modified":"2021-11-22T20:14:59","modified_gmt":"2021-11-22T20:14:59","slug":"soluciones-profauna-en-media-tension","status":"publish","type":"page","link":"https:\/\/grupocbc.com.mx\/?page_id=1998","title":{"rendered":"SOLUCIONES PROFAUNA EN MEDIA TENSION"},"content":{"rendered":"\t\t<div data-elementor-type=\"wp-page\" data-elementor-id=\"1998\" class=\"elementor elementor-1998\">\n\t\t\t\t\t\t<section class=\"elementor-section elementor-top-section elementor-element elementor-element-aef5453 elementor-section-boxed elementor-section-height-default elementor-section-height-default\" data-id=\"aef5453\" data-element_type=\"section\" data-e-type=\"section\">\n\t\t\t\t\t\t<div class=\"elementor-container elementor-column-gap-default\">\n\t\t\t\t\t<div class=\"elementor-column elementor-col-33 elementor-top-column elementor-element elementor-element-5224628\" data-id=\"5224628\" data-element_type=\"column\" data-e-type=\"column\">\n\t\t\t<div class=\"elementor-widget-wrap elementor-element-populated\">\n\t\t\t\t\t\t<div class=\"elementor-element elementor-element-ef81f2a elementor-widget elementor-widget-image\" data-id=\"ef81f2a\" data-element_type=\"widget\" data-e-type=\"widget\" data-widget_type=\"image.default\">\n\t\t\t\t<div class=\"elementor-widget-container\">\n\t\t\t\t\t\t\t\t\t\t\t\t\t\t\t<img fetchpriority=\"high\" decoding=\"async\" width=\"269\" height=\"196\" src=\"https:\/\/grupocbc.com.mx\/wp-content\/uploads\/2021\/11\/33_-SOHLpng.webp\" class=\"attachment-large size-large wp-image-2006\" alt=\"\" \/>\t\t\t\t\t\t\t\t\t\t\t\t\t\t\t<\/div>\n\t\t\t\t<\/div>\n\t\t\t\t<div class=\"elementor-element elementor-element-6e4486f elementor-widget elementor-widget-heading\" data-id=\"6e4486f\" data-element_type=\"widget\" data-e-type=\"widget\" data-widget_type=\"heading.default\">\n\t\t\t\t<div class=\"elementor-widget-container\">\n\t\t\t\t\t<h6 class=\"elementor-heading-title elementor-size-default\">\nCubierta para l\u00edneas a\u00e9reas de distribuci\u00f3n<\/h6>\t\t\t\t<\/div>\n\t\t\t\t<\/div>\n\t\t\t\t\t<\/div>\n\t\t<\/div>\n\t\t\t\t<div class=\"elementor-column elementor-col-33 elementor-top-column elementor-element elementor-element-acc69aa\" data-id=\"acc69aa\" data-element_type=\"column\" data-e-type=\"column\">\n\t\t\t<div class=\"elementor-widget-wrap elementor-element-populated\">\n\t\t\t\t\t\t<div class=\"elementor-element elementor-element-aec3150 elementor-widget elementor-widget-image\" data-id=\"aec3150\" data-element_type=\"widget\" data-e-type=\"widget\" data-widget_type=\"image.default\">\n\t\t\t\t<div class=\"elementor-widget-container\">\n\t\t\t\t\t\t\t\t\t\t\t\t\t\t\t<img decoding=\"async\" width=\"178\" height=\"129\" src=\"https:\/\/grupocbc.com.mx\/wp-content\/uploads\/2021\/11\/44_SOHL-TOOL-1.webp\" class=\"attachment-large size-large wp-image-2005\" alt=\"\" \/>\t\t\t\t\t\t\t\t\t\t\t\t\t\t\t<\/div>\n\t\t\t\t<\/div>\n\t\t\t\t<div class=\"elementor-element elementor-element-d43db84 elementor-widget elementor-widget-heading\" data-id=\"d43db84\" data-element_type=\"widget\" data-e-type=\"widget\" data-widget_type=\"heading.default\">\n\t\t\t\t<div class=\"elementor-widget-container\">\n\t\t\t\t\t<h6 class=\"elementor-heading-title elementor-size-default\">Herramienta para Cubierta SOHL<\/h6>\t\t\t\t<\/div>\n\t\t\t\t<\/div>\n\t\t\t\t\t<\/div>\n\t\t<\/div>\n\t\t\t\t<div class=\"elementor-column elementor-col-33 elementor-top-column elementor-element elementor-element-cb70b66\" data-id=\"cb70b66\" data-element_type=\"column\" data-e-type=\"column\">\n\t\t\t<div class=\"elementor-widget-wrap elementor-element-populated\">\n\t\t\t\t\t\t<div class=\"elementor-element elementor-element-12640b4 elementor-widget elementor-widget-image\" data-id=\"12640b4\" data-element_type=\"widget\" data-e-type=\"widget\" data-widget_type=\"image.default\">\n\t\t\t\t<div class=\"elementor-widget-container\">\n\t\t\t\t\t\t\t\t\t\t\t\t\t\t\t<img decoding=\"async\" width=\"238\" height=\"133\" src=\"https:\/\/grupocbc.com.mx\/wp-content\/uploads\/2021\/11\/34ACCESORIO-PARA-SROL.webp\" class=\"attachment-large size-large wp-image-2004\" alt=\"\" \/>\t\t\t\t\t\t\t\t\t\t\t\t\t\t\t<\/div>\n\t\t\t\t<\/div>\n\t\t\t\t<div class=\"elementor-element elementor-element-4ae0ad9 elementor-widget elementor-widget-heading\" data-id=\"4ae0ad9\" data-element_type=\"widget\" data-e-type=\"widget\" data-widget_type=\"heading.default\">\n\t\t\t\t<div class=\"elementor-widget-container\">\n\t\t\t\t\t<h6 class=\"elementor-heading-title elementor-size-default\">\nEmpalme para uni\u00f3n de cubierta para l\u00edneas \u00e1ereas<\/h6>\t\t\t\t<\/div>\n\t\t\t\t<\/div>\n\t\t\t\t\t<\/div>\n\t\t<\/div>\n\t\t\t\t\t<\/div>\n\t\t<\/section>\n\t\t\t\t<section class=\"elementor-section elementor-top-section elementor-element elementor-element-f18d332 elementor-section-boxed elementor-section-height-default elementor-section-height-default\" data-id=\"f18d332\" data-element_type=\"section\" data-e-type=\"section\">\n\t\t\t\t\t\t<div class=\"elementor-container elementor-column-gap-default\">\n\t\t\t\t\t<div class=\"elementor-column elementor-col-33 elementor-top-column elementor-element elementor-element-3ad2620\" data-id=\"3ad2620\" data-element_type=\"column\" data-e-type=\"column\">\n\t\t\t<div class=\"elementor-widget-wrap elementor-element-populated\">\n\t\t\t\t\t\t<div class=\"elementor-element elementor-element-ea6031c elementor-widget elementor-widget-image\" data-id=\"ea6031c\" data-element_type=\"widget\" data-e-type=\"widget\" data-widget_type=\"image.default\">\n\t\t\t\t<div class=\"elementor-widget-container\">\n\t\t\t\t\t\t\t\t\t\t\t\t\t\t\t<img loading=\"lazy\" decoding=\"async\" width=\"269\" height=\"196\" src=\"https:\/\/grupocbc.com.mx\/wp-content\/uploads\/2021\/11\/35-SROL.webp\" class=\"attachment-large size-large wp-image-2003\" alt=\"\" \/>\t\t\t\t\t\t\t\t\t\t\t\t\t\t\t<\/div>\n\t\t\t\t<\/div>\n\t\t\t\t<div class=\"elementor-element elementor-element-fb06de5 elementor-widget elementor-widget-heading\" data-id=\"fb06de5\" data-element_type=\"widget\" data-e-type=\"widget\" data-widget_type=\"heading.default\">\n\t\t\t\t<div class=\"elementor-widget-container\">\n\t\t\t\t\t<h6 class=\"elementor-heading-title elementor-size-default\">Cubierta flexible de silic\u00f3n para l\u00edneas a\u00e9reas<\/h6>\t\t\t\t<\/div>\n\t\t\t\t<\/div>\n\t\t\t\t\t<\/div>\n\t\t<\/div>\n\t\t\t\t<div class=\"elementor-column elementor-col-33 elementor-top-column elementor-element elementor-element-08b14d8\" data-id=\"08b14d8\" data-element_type=\"column\" data-e-type=\"column\">\n\t\t\t<div class=\"elementor-widget-wrap elementor-element-populated\">\n\t\t\t\t\t\t<div class=\"elementor-element elementor-element-467ee57 elementor-widget elementor-widget-image\" data-id=\"467ee57\" data-element_type=\"widget\" data-e-type=\"widget\" data-widget_type=\"image.default\">\n\t\t\t\t<div class=\"elementor-widget-container\">\n\t\t\t\t\t\t\t\t\t\t\t\t\t\t\t<img loading=\"lazy\" decoding=\"async\" width=\"269\" height=\"196\" src=\"https:\/\/grupocbc.com.mx\/wp-content\/uploads\/2021\/11\/36_S-PT-3.webp\" class=\"attachment-large size-large wp-image-2002\" alt=\"\" \/>\t\t\t\t\t\t\t\t\t\t\t\t\t\t\t<\/div>\n\t\t\t\t<\/div>\n\t\t\t\t<div class=\"elementor-element elementor-element-9fecdb3 elementor-widget elementor-widget-heading\" data-id=\"9fecdb3\" data-element_type=\"widget\" data-e-type=\"widget\" data-widget_type=\"heading.default\">\n\t\t\t\t<div class=\"elementor-widget-container\">\n\t\t\t\t\t<h6 class=\"elementor-heading-title elementor-size-default\">Kit de protecci\u00f3n a boquillas de transformador<\/h6>\t\t\t\t<\/div>\n\t\t\t\t<\/div>\n\t\t\t\t\t<\/div>\n\t\t<\/div>\n\t\t\t\t<div class=\"elementor-column elementor-col-33 elementor-top-column elementor-element elementor-element-b139b10\" data-id=\"b139b10\" data-element_type=\"column\" data-e-type=\"column\">\n\t\t\t<div class=\"elementor-widget-wrap\">\n\t\t\t\t\t\t\t<\/div>\n\t\t<\/div>\n\t\t\t\t\t<\/div>\n\t\t<\/section>\n\t\t\t\t<\/div>\n\t\t","protected":false},"excerpt":{"rendered":"<p>Cubierta para l\u00edneas a\u00e9reas de distribuci\u00f3n Herramienta para Cubierta SOHL Empalme para uni\u00f3n de cubierta para l\u00edneas \u00e1ereas Cubierta flexible de silic\u00f3n para l\u00edneas a\u00e9reas Kit de protecci\u00f3n a boquillas de transformador<\/p>\n","protected":false},"author":1,"featured_media":0,"parent":0,"menu_order":0,"comment_status":"closed","ping_status":"closed","template":"","meta":{"site-sidebar-layout":"no-sidebar","site-content-layout":"page-builder","ast-site-content-layout":"default","site-content-style":"default","site-sidebar-style":"default","ast-global-header-display":"","ast-banner-title-visibility":"","ast-main-header-display":"","ast-hfb-above-header-display":"","ast-hfb-below-header-display":"","ast-hfb-mobile-header-display":"","site-post-title":"disabled","ast-breadcrumbs-content":"","ast-featured-img":"disabled","footer-sml-layout":"","ast-disable-related-posts":"","theme-transparent-header-meta":"default","adv-header-id-meta":"","stick-header-meta":"","header-above-stick-meta":"","header-main-stick-meta":"","header-below-stick-meta":"","astra-migrate-meta-layouts":"default","ast-page-background-enabled":"default","ast-page-background-meta":{"desktop":{"background-color":"var(--ast-global-color-4)","background-image":"","background-repeat":"repeat","background-position":"center center","background-size":"auto","background-attachment":"scroll","background-type":"","background-media":"","overlay-type":"","overlay-color":"","overlay-opacity":"","overlay-gradient":""},"tablet":{"background-color":"","background-image":"","background-repeat":"repeat","background-position":"center center","background-size":"auto","background-attachment":"scroll","background-type":"","background-media":"","overlay-type":"","overlay-color":"","overlay-opacity":"","overlay-gradient":""},"mobile":{"background-color":"","background-image":"","background-repeat":"repeat","background-position":"center center","background-size":"auto","background-attachment":"scroll","background-type":"","background-media":"","overlay-type":"","overlay-color":"","overlay-opacity":"","overlay-gradient":""}},"ast-content-background-meta":{"desktop":{"background-color":"var(--ast-global-color-5)","background-image":"","background-repeat":"repeat","background-position":"center center","background-size":"auto","background-attachment":"scroll","background-type":"","background-media":"","overlay-type":"","overlay-color":"","overlay-opacity":"","overlay-gradient":""},"tablet":{"background-color":"var(--ast-global-color-5)","background-image":"","background-repeat":"repeat","background-position":"center center","background-size":"auto","background-attachment":"scroll","background-type":"","background-media":"","overlay-type":"","overlay-color":"","overlay-opacity":"","overlay-gradient":""},"mobile":{"background-color":"var(--ast-global-color-5)","background-image":"","background-repeat":"repeat","background-position":"center center","background-size":"auto","background-attachment":"scroll","background-type":"","background-media":"","overlay-type":"","overlay-color":"","overlay-opacity":"","overlay-gradient":""}},"dsgo_overlay_header":false,"dsgo_overlay_header_text_color":"","dsgo_overlay_skip_top_bar":false,"_designsetgo_exclude_llms":false,"footnotes":""},"class_list":["post-1998","page","type-page","status-publish","hentry"],"yoast_head":"<!-- This site is optimized with the Yoast SEO plugin v27.2 - https:\/\/yoast.com\/product\/yoast-seo-wordpress\/ -->\n<title>SOLUCIONES PROFAUNA EN MEDIA TENSION - Grupo CBC<\/title>\n<meta name=\"robots\" content=\"index, follow, max-snippet:-1, max-image-preview:large, max-video-preview:-1\" \/>\n<link rel=\"canonical\" href=\"https:\/\/grupocbc.com.mx\/?page_id=1998\" \/>\n<meta property=\"og:locale\" content=\"es_ES\" \/>\n<meta property=\"og:type\" content=\"article\" \/>\n<meta property=\"og:title\" content=\"SOLUCIONES PROFAUNA EN MEDIA TENSION - Grupo CBC\" \/>\n<meta property=\"og:description\" content=\"Cubierta para l\u00edneas a\u00e9reas de distribuci\u00f3n Herramienta para Cubierta SOHL Empalme para uni\u00f3n de cubierta para l\u00edneas \u00e1ereas Cubierta flexible de silic\u00f3n para l\u00edneas a\u00e9reas Kit de protecci\u00f3n a boquillas de transformador\" \/>\n<meta property=\"og:url\" content=\"https:\/\/grupocbc.com.mx\/?page_id=1998\" \/>\n<meta property=\"og:site_name\" content=\"Grupo CBC\" \/>\n<meta property=\"article:modified_time\" content=\"2021-11-22T20:14:59+00:00\" \/>\n<meta property=\"og:image\" content=\"https:\/\/grupocbc.com.mx\/wp-content\/uploads\/2021\/11\/33_-SOHLpng.webp\" \/>\n\t<meta property=\"og:image:width\" content=\"269\" \/>\n\t<meta property=\"og:image:height\" content=\"196\" \/>\n\t<meta property=\"og:image:type\" content=\"image\/webp\" \/>\n<meta name=\"twitter:card\" content=\"summary_large_image\" \/>\n<script type=\"application\/ld+json\" class=\"yoast-schema-graph\">{\"@context\":\"https:\/\/schema.org\",\"@graph\":[{\"@type\":\"WebPage\",\"@id\":\"https:\/\/grupocbc.com.mx\/?page_id=1998\",\"url\":\"https:\/\/grupocbc.com.mx\/?page_id=1998\",\"name\":\"SOLUCIONES PROFAUNA EN MEDIA TENSION - Grupo CBC\",\"isPartOf\":{\"@id\":\"https:\/\/grupocbc.com.mx\/#website\"},\"primaryImageOfPage\":{\"@id\":\"https:\/\/grupocbc.com.mx\/?page_id=1998#primaryimage\"},\"image\":{\"@id\":\"https:\/\/grupocbc.com.mx\/?page_id=1998#primaryimage\"},\"thumbnailUrl\":\"https:\/\/grupocbc.com.mx\/wp-content\/uploads\/2021\/11\/33_-SOHLpng.webp\",\"datePublished\":\"2021-11-22T20:05:09+00:00\",\"dateModified\":\"2021-11-22T20:14:59+00:00\",\"breadcrumb\":{\"@id\":\"https:\/\/grupocbc.com.mx\/?page_id=1998#breadcrumb\"},\"inLanguage\":\"es\",\"potentialAction\":[{\"@type\":\"ReadAction\",\"target\":[\"https:\/\/grupocbc.com.mx\/?page_id=1998\"]}]},{\"@type\":\"ImageObject\",\"inLanguage\":\"es\",\"@id\":\"https:\/\/grupocbc.com.mx\/?page_id=1998#primaryimage\",\"url\":\"https:\/\/grupocbc.com.mx\/wp-content\/uploads\/2021\/11\/33_-SOHLpng.webp\",\"contentUrl\":\"https:\/\/grupocbc.com.mx\/wp-content\/uploads\/2021\/11\/33_-SOHLpng.webp\",\"width\":269,\"height\":196},{\"@type\":\"BreadcrumbList\",\"@id\":\"https:\/\/grupocbc.com.mx\/?page_id=1998#breadcrumb\",\"itemListElement\":[{\"@type\":\"ListItem\",\"position\":1,\"name\":\"Portada\",\"item\":\"https:\/\/grupocbc.com.mx\/\"},{\"@type\":\"ListItem\",\"position\":2,\"name\":\"SOLUCIONES PROFAUNA EN MEDIA TENSION\"}]},{\"@type\":\"WebSite\",\"@id\":\"https:\/\/grupocbc.com.mx\/#website\",\"url\":\"https:\/\/grupocbc.com.mx\/\",\"name\":\"Grupo CBC\",\"description\":\"GRUPO CBC\",\"publisher\":{\"@id\":\"https:\/\/grupocbc.com.mx\/#organization\"},\"potentialAction\":[{\"@type\":\"SearchAction\",\"target\":{\"@type\":\"EntryPoint\",\"urlTemplate\":\"https:\/\/grupocbc.com.mx\/?s={search_term_string}\"},\"query-input\":{\"@type\":\"PropertyValueSpecification\",\"valueRequired\":true,\"valueName\":\"search_term_string\"}}],\"inLanguage\":\"es\"},{\"@type\":\"Organization\",\"@id\":\"https:\/\/grupocbc.com.mx\/#organization\",\"name\":\"Grupo CBC\",\"url\":\"https:\/\/grupocbc.com.mx\/\",\"logo\":{\"@type\":\"ImageObject\",\"inLanguage\":\"es\",\"@id\":\"https:\/\/grupocbc.com.mx\/#\/schema\/logo\/image\/\",\"url\":\"https:\/\/grupocbc.com.mx\/wp-content\/uploads\/2026\/03\/cropped-logo_cbc.jpeg\",\"contentUrl\":\"https:\/\/grupocbc.com.mx\/wp-content\/uploads\/2026\/03\/cropped-logo_cbc.jpeg\",\"width\":320,\"height\":320,\"caption\":\"Grupo CBC\"},\"image\":{\"@id\":\"https:\/\/grupocbc.com.mx\/#\/schema\/logo\/image\/\"}}]}<\/script>\n<!-- \/ Yoast SEO plugin. -->","yoast_head_json":{"title":"SOLUCIONES PROFAUNA EN MEDIA TENSION - Grupo CBC","robots":{"index":"index","follow":"follow","max-snippet":"max-snippet:-1","max-image-preview":"max-image-preview:large","max-video-preview":"max-video-preview:-1"},"canonical":"https:\/\/grupocbc.com.mx\/?page_id=1998","og_locale":"es_ES","og_type":"article","og_title":"SOLUCIONES PROFAUNA EN MEDIA TENSION - Grupo CBC","og_description":"Cubierta para l\u00edneas a\u00e9reas de distribuci\u00f3n Herramienta para Cubierta SOHL Empalme para uni\u00f3n de cubierta para l\u00edneas \u00e1ereas Cubierta flexible de silic\u00f3n para l\u00edneas a\u00e9reas Kit de protecci\u00f3n a boquillas de transformador","og_url":"https:\/\/grupocbc.com.mx\/?page_id=1998","og_site_name":"Grupo CBC","article_modified_time":"2021-11-22T20:14:59+00:00","og_image":[{"width":269,"height":196,"url":"https:\/\/grupocbc.com.mx\/wp-content\/uploads\/2021\/11\/33_-SOHLpng.webp","type":"image\/webp"}],"twitter_card":"summary_large_image","schema":{"@context":"https:\/\/schema.org","@graph":[{"@type":"WebPage","@id":"https:\/\/grupocbc.com.mx\/?page_id=1998","url":"https:\/\/grupocbc.com.mx\/?page_id=1998","name":"SOLUCIONES PROFAUNA EN MEDIA TENSION - Grupo CBC","isPartOf":{"@id":"https:\/\/grupocbc.com.mx\/#website"},"primaryImageOfPage":{"@id":"https:\/\/grupocbc.com.mx\/?page_id=1998#primaryimage"},"image":{"@id":"https:\/\/grupocbc.com.mx\/?page_id=1998#primaryimage"},"thumbnailUrl":"https:\/\/grupocbc.com.mx\/wp-content\/uploads\/2021\/11\/33_-SOHLpng.webp","datePublished":"2021-11-22T20:05:09+00:00","dateModified":"2021-11-22T20:14:59+00:00","breadcrumb":{"@id":"https:\/\/grupocbc.com.mx\/?page_id=1998#breadcrumb"},"inLanguage":"es","potentialAction":[{"@type":"ReadAction","target":["https:\/\/grupocbc.com.mx\/?page_id=1998"]}]},{"@type":"ImageObject","inLanguage":"es","@id":"https:\/\/grupocbc.com.mx\/?page_id=1998#primaryimage","url":"https:\/\/grupocbc.com.mx\/wp-content\/uploads\/2021\/11\/33_-SOHLpng.webp","contentUrl":"https:\/\/grupocbc.com.mx\/wp-content\/uploads\/2021\/11\/33_-SOHLpng.webp","width":269,"height":196},{"@type":"BreadcrumbList","@id":"https:\/\/grupocbc.com.mx\/?page_id=1998#breadcrumb","itemListElement":[{"@type":"ListItem","position":1,"name":"Portada","item":"https:\/\/grupocbc.com.mx\/"},{"@type":"ListItem","position":2,"name":"SOLUCIONES PROFAUNA EN MEDIA TENSION"}]},{"@type":"WebSite","@id":"https:\/\/grupocbc.com.mx\/#website","url":"https:\/\/grupocbc.com.mx\/","name":"Grupo CBC","description":"GRUPO CBC","publisher":{"@id":"https:\/\/grupocbc.com.mx\/#organization"},"potentialAction":[{"@type":"SearchAction","target":{"@type":"EntryPoint","urlTemplate":"https:\/\/grupocbc.com.mx\/?s={search_term_string}"},"query-input":{"@type":"PropertyValueSpecification","valueRequired":true,"valueName":"search_term_string"}}],"inLanguage":"es"},{"@type":"Organization","@id":"https:\/\/grupocbc.com.mx\/#organization","name":"Grupo CBC","url":"https:\/\/grupocbc.com.mx\/","logo":{"@type":"ImageObject","inLanguage":"es","@id":"https:\/\/grupocbc.com.mx\/#\/schema\/logo\/image\/","url":"https:\/\/grupocbc.com.mx\/wp-content\/uploads\/2026\/03\/cropped-logo_cbc.jpeg","contentUrl":"https:\/\/grupocbc.com.mx\/wp-content\/uploads\/2026\/03\/cropped-logo_cbc.jpeg","width":320,"height":320,"caption":"Grupo CBC"},"image":{"@id":"https:\/\/grupocbc.com.mx\/#\/schema\/logo\/image\/"}}]}},"_links":{"self":[{"href":"https:\/\/grupocbc.com.mx\/index.php?rest_route=\/wp\/v2\/pages\/1998","targetHints":{"allow":["GET"]}}],"collection":[{"href":"https:\/\/grupocbc.com.mx\/index.php?rest_route=\/wp\/v2\/pages"}],"about":[{"href":"https:\/\/grupocbc.com.mx\/index.php?rest_route=\/wp\/v2\/types\/page"}],"author":[{"embeddable":true,"href":"https:\/\/grupocbc.com.mx\/index.php?rest_route=\/wp\/v2\/users\/1"}],"replies":[{"embeddable":true,"href":"https:\/\/grupocbc.com.mx\/index.php?rest_route=%2Fwp%2Fv2%2Fcomments&post=1998"}],"version-history":[{"count":25,"href":"https:\/\/grupocbc.com.mx\/index.php?rest_route=\/wp\/v2\/pages\/1998\/revisions"}],"predecessor-version":[{"id":2030,"href":"https:\/\/grupocbc.com.mx\/index.php?rest_route=\/wp\/v2\/pages\/1998\/revisions\/2030"}],"wp:attachment":[{"href":"https:\/\/grupocbc.com.mx\/index.php?rest_route=%2Fwp%2Fv2%2Fmedia&parent=1998"}],"curies":[{"name":"wp","href":"https:\/\/api.w.org\/{rel}","templated":true}]}}