{"id":1602,"date":"2021-11-13T06:20:34","date_gmt":"2021-11-13T06:20:34","guid":{"rendered":"https:\/\/coblince.com.mx\/?page_id=1602"},"modified":"2021-11-22T23:56:27","modified_gmt":"2021-11-22T23:56:27","slug":"herramientas-2","status":"publish","type":"page","link":"https:\/\/grupocbc.com.mx\/?page_id=1602","title":{"rendered":"HERRAMIENTAS"},"content":{"rendered":"\t\t<div data-elementor-type=\"wp-page\" data-elementor-id=\"1602\" class=\"elementor elementor-1602\">\n\t\t\t\t\t\t<section class=\"elementor-section elementor-top-section elementor-element elementor-element-ad06d84 elementor-section-boxed elementor-section-height-default elementor-section-height-default\" data-id=\"ad06d84\" data-element_type=\"section\" data-e-type=\"section\">\n\t\t\t\t\t\t<div class=\"elementor-container elementor-column-gap-default\">\n\t\t\t\t\t<div class=\"elementor-column elementor-col-25 elementor-top-column elementor-element elementor-element-17f387a\" data-id=\"17f387a\" data-element_type=\"column\" data-e-type=\"column\">\n\t\t\t<div class=\"elementor-widget-wrap elementor-element-populated\">\n\t\t\t\t\t\t<div class=\"elementor-element elementor-element-bbe9c55 elementor-widget elementor-widget-image\" data-id=\"bbe9c55\" data-element_type=\"widget\" data-e-type=\"widget\" data-widget_type=\"image.default\">\n\t\t\t\t<div class=\"elementor-widget-container\">\n\t\t\t\t\t\t\t\t\t\t\t\t\t\t\t<img fetchpriority=\"high\" decoding=\"async\" width=\"342\" height=\"248\" src=\"https:\/\/grupocbc.com.mx\/wp-content\/uploads\/2021\/11\/37_SCPT-1.webp\" class=\"attachment-large size-large wp-image-1955\" alt=\"\" \/>\t\t\t\t\t\t\t\t\t\t\t\t\t\t\t<\/div>\n\t\t\t\t<\/div>\n\t\t\t\t<div class=\"elementor-element elementor-element-5570261 elementor-widget elementor-widget-heading\" data-id=\"5570261\" data-element_type=\"widget\" data-e-type=\"widget\" data-widget_type=\"heading.default\">\n\t\t\t\t<div class=\"elementor-widget-container\">\n\t\t\t\t\t<h6 class=\"elementor-heading-title elementor-size-default\">\nHerramienta para preparaci\u00f3n de cable en media tensi\u00f3n<\/h6>\t\t\t\t<\/div>\n\t\t\t\t<\/div>\n\t\t\t\t\t<\/div>\n\t\t<\/div>\n\t\t\t\t<div class=\"elementor-column elementor-col-25 elementor-top-column elementor-element elementor-element-63cc97b\" data-id=\"63cc97b\" data-element_type=\"column\" data-e-type=\"column\">\n\t\t\t<div class=\"elementor-widget-wrap elementor-element-populated\">\n\t\t\t\t\t\t<div class=\"elementor-element elementor-element-d26cd5f elementor-widget elementor-widget-image\" data-id=\"d26cd5f\" data-element_type=\"widget\" data-e-type=\"widget\" data-widget_type=\"image.default\">\n\t\t\t\t<div class=\"elementor-widget-container\">\n\t\t\t\t\t\t\t\t\t\t\t\t\t\t\t<img decoding=\"async\" width=\"309\" height=\"224\" src=\"https:\/\/grupocbc.com.mx\/wp-content\/uploads\/2021\/11\/38_SMY-10_50.webp\" class=\"attachment-large size-large wp-image-1954\" alt=\"\" \/>\t\t\t\t\t\t\t\t\t\t\t\t\t\t\t<\/div>\n\t\t\t\t<\/div>\n\t\t\t\t<div class=\"elementor-element elementor-element-1ae948b elementor-widget elementor-widget-heading\" data-id=\"1ae948b\" data-element_type=\"widget\" data-e-type=\"widget\" data-widget_type=\"heading.default\">\n\t\t\t\t<div class=\"elementor-widget-container\">\n\t\t\t\t\t<h6 class=\"elementor-heading-title elementor-size-default\">\nHerramienta manual de compresi\u00f3n de un punto<\/h6>\t\t\t\t<\/div>\n\t\t\t\t<\/div>\n\t\t\t\t\t<\/div>\n\t\t<\/div>\n\t\t\t\t<div class=\"elementor-column elementor-col-25 elementor-top-column elementor-element elementor-element-6f50563\" data-id=\"6f50563\" data-element_type=\"column\" data-e-type=\"column\">\n\t\t\t<div class=\"elementor-widget-wrap elementor-element-populated\">\n\t\t\t\t\t\t<div class=\"elementor-element elementor-element-13ebb8c elementor-widget elementor-widget-image\" data-id=\"13ebb8c\" data-element_type=\"widget\" data-e-type=\"widget\" data-widget_type=\"image.default\">\n\t\t\t\t<div class=\"elementor-widget-container\">\n\t\t\t\t\t\t\t\t\t\t\t\t\t\t\t<img decoding=\"async\" width=\"320\" height=\"233\" src=\"https:\/\/grupocbc.com.mx\/wp-content\/uploads\/2021\/11\/39_SOD3.webp\" class=\"attachment-large size-large wp-image-1953\" alt=\"\" \/>\t\t\t\t\t\t\t\t\t\t\t\t\t\t\t<\/div>\n\t\t\t\t<\/div>\n\t\t\t\t<div class=\"elementor-element elementor-element-fc5c328 elementor-widget elementor-widget-heading\" data-id=\"fc5c328\" data-element_type=\"widget\" data-e-type=\"widget\" data-widget_type=\"heading.default\">\n\t\t\t\t<div class=\"elementor-widget-container\">\n\t\t\t\t\t<h6 class=\"elementor-heading-title elementor-size-default\">Herramienta manual de compresi\u00f3n con cavidad Tipo D y O para conectador tipo H<\/h6>\t\t\t\t<\/div>\n\t\t\t\t<\/div>\n\t\t\t\t\t<\/div>\n\t\t<\/div>\n\t\t\t\t<div class=\"elementor-column elementor-col-25 elementor-top-column elementor-element elementor-element-238cd05\" data-id=\"238cd05\" data-element_type=\"column\" data-e-type=\"column\">\n\t\t\t<div class=\"elementor-widget-wrap elementor-element-populated\">\n\t\t\t\t\t\t<div class=\"elementor-element elementor-element-69a9c7f elementor-widget elementor-widget-image\" data-id=\"69a9c7f\" data-element_type=\"widget\" data-e-type=\"widget\" data-widget_type=\"image.default\">\n\t\t\t\t<div class=\"elementor-widget-container\">\n\t\t\t\t\t\t\t\t\t\t\t\t\t\t\t<img loading=\"lazy\" decoding=\"async\" width=\"324\" height=\"235\" src=\"https:\/\/grupocbc.com.mx\/wp-content\/uploads\/2021\/11\/40_SUB400.webp\" class=\"attachment-large size-large wp-image-1952\" alt=\"\" \/>\t\t\t\t\t\t\t\t\t\t\t\t\t\t\t<\/div>\n\t\t\t\t<\/div>\n\t\t\t\t<div class=\"elementor-element elementor-element-8dae94a elementor-widget elementor-widget-heading\" data-id=\"8dae94a\" data-element_type=\"widget\" data-e-type=\"widget\" data-widget_type=\"heading.default\">\n\t\t\t\t<div class=\"elementor-widget-container\">\n\t\t\t\t\t<h6 class=\"elementor-heading-title elementor-size-default\">Herramienta hidr\u00e1ulica de compresi\u00f3n para dados tipo U <\/h6>\t\t\t\t<\/div>\n\t\t\t\t<\/div>\n\t\t\t\t\t<\/div>\n\t\t<\/div>\n\t\t\t\t\t<\/div>\n\t\t<\/section>\n\t\t\t\t<section class=\"elementor-section elementor-top-section elementor-element elementor-element-50fc523 elementor-section-boxed elementor-section-height-default elementor-section-height-default\" data-id=\"50fc523\" data-element_type=\"section\" data-e-type=\"section\">\n\t\t\t\t\t\t<div class=\"elementor-container elementor-column-gap-default\">\n\t\t\t\t\t<div class=\"elementor-column elementor-col-25 elementor-top-column elementor-element elementor-element-290966b\" data-id=\"290966b\" data-element_type=\"column\" data-e-type=\"column\">\n\t\t\t<div class=\"elementor-widget-wrap elementor-element-populated\">\n\t\t\t\t\t\t<div class=\"elementor-element elementor-element-4c9522b elementor-widget elementor-widget-image\" data-id=\"4c9522b\" data-element_type=\"widget\" data-e-type=\"widget\" data-widget_type=\"image.default\">\n\t\t\t\t<div class=\"elementor-widget-container\">\n\t\t\t\t\t\t\t\t\t\t\t\t\t\t\t<img loading=\"lazy\" decoding=\"async\" width=\"338\" height=\"245\" src=\"https:\/\/grupocbc.com.mx\/wp-content\/uploads\/2021\/11\/41_SUC6FT-\u00b7-SUC6FT-LW.webp\" class=\"attachment-large size-large wp-image-1951\" alt=\"\" \/>\t\t\t\t\t\t\t\t\t\t\t\t\t\t\t<\/div>\n\t\t\t\t<\/div>\n\t\t\t\t<div class=\"elementor-element elementor-element-905c471 elementor-widget elementor-widget-heading\" data-id=\"905c471\" data-element_type=\"widget\" data-e-type=\"widget\" data-widget_type=\"heading.default\">\n\t\t\t\t<div class=\"elementor-widget-container\">\n\t\t\t\t\t<h6 class=\"elementor-heading-title elementor-size-default\">Herramienta hidr\u00e1ulica de compresi\u00f3n de 4 puntos<\/h6>\t\t\t\t<\/div>\n\t\t\t\t<\/div>\n\t\t\t\t\t<\/div>\n\t\t<\/div>\n\t\t\t\t<div class=\"elementor-column elementor-col-25 elementor-top-column elementor-element elementor-element-067954f\" data-id=\"067954f\" data-element_type=\"column\" data-e-type=\"column\">\n\t\t\t<div class=\"elementor-widget-wrap elementor-element-populated\">\n\t\t\t\t\t\t<div class=\"elementor-element elementor-element-fd8de9c elementor-widget elementor-widget-image\" data-id=\"fd8de9c\" data-element_type=\"widget\" data-e-type=\"widget\" data-widget_type=\"image.default\">\n\t\t\t\t<div class=\"elementor-widget-container\">\n\t\t\t\t\t\t\t\t\t\t\t\t\t\t\t<img loading=\"lazy\" decoding=\"async\" width=\"338\" height=\"245\" src=\"https:\/\/grupocbc.com.mx\/wp-content\/uploads\/2021\/11\/42_SLEC6FT.webp\" class=\"attachment-large size-large wp-image-1950\" alt=\"\" \/>\t\t\t\t\t\t\t\t\t\t\t\t\t\t\t<\/div>\n\t\t\t\t<\/div>\n\t\t\t\t<div class=\"elementor-element elementor-element-c51577b elementor-widget elementor-widget-heading\" data-id=\"c51577b\" data-element_type=\"widget\" data-e-type=\"widget\" data-widget_type=\"heading.default\">\n\t\t\t\t<div class=\"elementor-widget-container\">\n\t\t\t\t\t<h6 class=\"elementor-heading-title elementor-size-default\">\nHerramienta electrohidr\u00e1ulica de compresi\u00f3n de 4 puntos<\/h6>\t\t\t\t<\/div>\n\t\t\t\t<\/div>\n\t\t\t\t\t<\/div>\n\t\t<\/div>\n\t\t\t\t<div class=\"elementor-column elementor-col-25 elementor-top-column elementor-element elementor-element-2b89b20\" data-id=\"2b89b20\" data-element_type=\"column\" data-e-type=\"column\">\n\t\t\t<div class=\"elementor-widget-wrap elementor-element-populated\">\n\t\t\t\t\t\t<div class=\"elementor-element elementor-element-7f22d23 elementor-widget elementor-widget-image\" data-id=\"7f22d23\" data-element_type=\"widget\" data-e-type=\"widget\" data-widget_type=\"image.default\">\n\t\t\t\t<div class=\"elementor-widget-container\">\n\t\t\t\t\t\t\t\t\t\t\t\t\t\t\t<img loading=\"lazy\" decoding=\"async\" width=\"223\" height=\"226\" src=\"https:\/\/grupocbc.com.mx\/wp-content\/uploads\/2021\/11\/Herra-y-acce1-05.webp\" class=\"attachment-large size-large wp-image-1949\" alt=\"\" \/>\t\t\t\t\t\t\t\t\t\t\t\t\t\t\t<\/div>\n\t\t\t\t<\/div>\n\t\t\t\t<div class=\"elementor-element elementor-element-29464ef elementor-widget elementor-widget-heading\" data-id=\"29464ef\" data-element_type=\"widget\" data-e-type=\"widget\" data-widget_type=\"heading.default\">\n\t\t\t\t<div class=\"elementor-widget-container\">\n\t\t\t\t\t<h6 class=\"elementor-heading-title elementor-size-default\">\nHerramienta hidr\u00e1ulica y electrohidr\u00e1ulica de corte<\/h6>\t\t\t\t<\/div>\n\t\t\t\t<\/div>\n\t\t\t\t\t<\/div>\n\t\t<\/div>\n\t\t\t\t<div class=\"elementor-column elementor-col-25 elementor-top-column elementor-element elementor-element-3d140c2\" data-id=\"3d140c2\" data-element_type=\"column\" data-e-type=\"column\">\n\t\t\t<div class=\"elementor-widget-wrap elementor-element-populated\">\n\t\t\t\t\t\t<div class=\"elementor-element elementor-element-45cdeae elementor-widget elementor-widget-image\" data-id=\"45cdeae\" data-element_type=\"widget\" data-e-type=\"widget\" data-widget_type=\"image.default\">\n\t\t\t\t<div class=\"elementor-widget-container\">\n\t\t\t\t\t\t\t\t\t\t\t\t\t\t\t<img loading=\"lazy\" decoding=\"async\" width=\"313\" height=\"227\" src=\"https:\/\/grupocbc.com.mx\/wp-content\/uploads\/2021\/11\/44_SOHL-TOOL.webp\" class=\"attachment-large size-large wp-image-1948\" alt=\"\" \/>\t\t\t\t\t\t\t\t\t\t\t\t\t\t\t<\/div>\n\t\t\t\t<\/div>\n\t\t\t\t<div class=\"elementor-element elementor-element-f91ea22 elementor-widget elementor-widget-heading\" data-id=\"f91ea22\" data-element_type=\"widget\" data-e-type=\"widget\" data-widget_type=\"heading.default\">\n\t\t\t\t<div class=\"elementor-widget-container\">\n\t\t\t\t\t<h6 class=\"elementor-heading-title elementor-size-default\">Herramienta hidr\u00e1ulica de compresi\u00f3n de 4 puntos<\/h6>\t\t\t\t<\/div>\n\t\t\t\t<\/div>\n\t\t\t\t\t<\/div>\n\t\t<\/div>\n\t\t\t\t\t<\/div>\n\t\t<\/section>\n\t\t\t\t<section class=\"elementor-section elementor-top-section elementor-element elementor-element-edea668 elementor-section-boxed elementor-section-height-default elementor-section-height-default\" data-id=\"edea668\" data-element_type=\"section\" data-e-type=\"section\">\n\t\t\t\t\t\t<div class=\"elementor-container elementor-column-gap-default\">\n\t\t\t\t\t<div class=\"elementor-column elementor-col-25 elementor-top-column elementor-element elementor-element-32b34df\" data-id=\"32b34df\" data-element_type=\"column\" data-e-type=\"column\">\n\t\t\t<div class=\"elementor-widget-wrap elementor-element-populated\">\n\t\t\t\t\t\t<div class=\"elementor-element elementor-element-5d4f712 elementor-widget elementor-widget-image\" data-id=\"5d4f712\" data-element_type=\"widget\" data-e-type=\"widget\" data-widget_type=\"image.default\">\n\t\t\t\t<div class=\"elementor-widget-container\">\n\t\t\t\t\t\t\t\t\t\t\t\t\t\t\t<img loading=\"lazy\" decoding=\"async\" width=\"269\" height=\"196\" src=\"https:\/\/grupocbc.com.mx\/wp-content\/uploads\/2021\/11\/45_SKMR-TOOL.webp\" class=\"attachment-large size-large wp-image-1947\" alt=\"\" \/>\t\t\t\t\t\t\t\t\t\t\t\t\t\t\t<\/div>\n\t\t\t\t<\/div>\n\t\t\t\t<div class=\"elementor-element elementor-element-da1d13d elementor-widget elementor-widget-heading\" data-id=\"da1d13d\" data-element_type=\"widget\" data-e-type=\"widget\" data-widget_type=\"heading.default\">\n\t\t\t\t<div class=\"elementor-widget-container\">\n\t\t\t\t\t<h6 class=\"elementor-heading-title elementor-size-default\">Herramienta para instalaci\u00f3n de multiderivador de resorte<\/h6>\t\t\t\t<\/div>\n\t\t\t\t<\/div>\n\t\t\t\t\t<\/div>\n\t\t<\/div>\n\t\t\t\t<div class=\"elementor-column elementor-col-25 elementor-top-column elementor-element elementor-element-b364ecd\" data-id=\"b364ecd\" data-element_type=\"column\" data-e-type=\"column\">\n\t\t\t<div class=\"elementor-widget-wrap elementor-element-populated\">\n\t\t\t\t\t\t<div class=\"elementor-element elementor-element-e1e232c elementor-widget elementor-widget-image\" data-id=\"e1e232c\" data-element_type=\"widget\" data-e-type=\"widget\" data-widget_type=\"image.default\">\n\t\t\t\t<div class=\"elementor-widget-container\">\n\t\t\t\t\t\t\t\t\t\t\t\t\t\t\t<img loading=\"lazy\" decoding=\"async\" width=\"269\" height=\"196\" src=\"https:\/\/grupocbc.com.mx\/wp-content\/uploads\/2021\/11\/46_SSB-TOOL.webp\" class=\"attachment-large size-large wp-image-1946\" alt=\"\" \/>\t\t\t\t\t\t\t\t\t\t\t\t\t\t\t<\/div>\n\t\t\t\t<\/div>\n\t\t\t\t<div class=\"elementor-element elementor-element-10d7015 elementor-widget elementor-widget-heading\" data-id=\"10d7015\" data-element_type=\"widget\" data-e-type=\"widget\" data-widget_type=\"heading.default\">\n\t\t\t\t<div class=\"elementor-widget-container\">\n\t\t\t\t\t<h6 class=\"elementor-heading-title elementor-size-default\">\nHerramienta flejadora para acero inoxidable<\/h6>\t\t\t\t<\/div>\n\t\t\t\t<\/div>\n\t\t\t\t\t<\/div>\n\t\t<\/div>\n\t\t\t\t<div class=\"elementor-column elementor-col-25 elementor-top-column elementor-element elementor-element-206fcf4\" data-id=\"206fcf4\" data-element_type=\"column\" data-e-type=\"column\">\n\t\t\t<div class=\"elementor-widget-wrap\">\n\t\t\t\t\t\t\t<\/div>\n\t\t<\/div>\n\t\t\t\t<div class=\"elementor-column elementor-col-25 elementor-top-column elementor-element elementor-element-e8d750f\" data-id=\"e8d750f\" data-element_type=\"column\" data-e-type=\"column\">\n\t\t\t<div class=\"elementor-widget-wrap\">\n\t\t\t\t\t\t\t<\/div>\n\t\t<\/div>\n\t\t\t\t\t<\/div>\n\t\t<\/section>\n\t\t\t\t<\/div>\n\t\t","protected":false},"excerpt":{"rendered":"<p>Herramienta para preparaci\u00f3n de cable en media tensi\u00f3n Herramienta manual de compresi\u00f3n de un punto Herramienta manual de compresi\u00f3n con cavidad Tipo D y O para conectador tipo H Herramienta hidr\u00e1ulica de compresi\u00f3n para dados tipo U Herramienta hidr\u00e1ulica de compresi\u00f3n de 4 puntos Herramienta electrohidr\u00e1ulica de compresi\u00f3n de 4 puntos Herramienta hidr\u00e1ulica y electrohidr\u00e1ulica [&hellip;]<\/p>\n","protected":false},"author":1,"featured_media":0,"parent":0,"menu_order":0,"comment_status":"closed","ping_status":"closed","template":"","meta":{"site-sidebar-layout":"no-sidebar","site-content-layout":"page-builder","ast-site-content-layout":"default","site-content-style":"default","site-sidebar-style":"default","ast-global-header-display":"","ast-banner-title-visibility":"","ast-main-header-display":"","ast-hfb-above-header-display":"","ast-hfb-below-header-display":"","ast-hfb-mobile-header-display":"","site-post-title":"disabled","ast-breadcrumbs-content":"","ast-featured-img":"disabled","footer-sml-layout":"","ast-disable-related-posts":"","theme-transparent-header-meta":"default","adv-header-id-meta":"","stick-header-meta":"","header-above-stick-meta":"","header-main-stick-meta":"","header-below-stick-meta":"","astra-migrate-meta-layouts":"default","ast-page-background-enabled":"default","ast-page-background-meta":{"desktop":{"background-color":"var(--ast-global-color-4)","background-image":"","background-repeat":"repeat","background-position":"center center","background-size":"auto","background-attachment":"scroll","background-type":"","background-media":"","overlay-type":"","overlay-color":"","overlay-opacity":"","overlay-gradient":""},"tablet":{"background-color":"","background-image":"","background-repeat":"repeat","background-position":"center center","background-size":"auto","background-attachment":"scroll","background-type":"","background-media":"","overlay-type":"","overlay-color":"","overlay-opacity":"","overlay-gradient":""},"mobile":{"background-color":"","background-image":"","background-repeat":"repeat","background-position":"center center","background-size":"auto","background-attachment":"scroll","background-type":"","background-media":"","overlay-type":"","overlay-color":"","overlay-opacity":"","overlay-gradient":""}},"ast-content-background-meta":{"desktop":{"background-color":"var(--ast-global-color-5)","background-image":"","background-repeat":"repeat","background-position":"center center","background-size":"auto","background-attachment":"scroll","background-type":"","background-media":"","overlay-type":"","overlay-color":"","overlay-opacity":"","overlay-gradient":""},"tablet":{"background-color":"var(--ast-global-color-5)","background-image":"","background-repeat":"repeat","background-position":"center center","background-size":"auto","background-attachment":"scroll","background-type":"","background-media":"","overlay-type":"","overlay-color":"","overlay-opacity":"","overlay-gradient":""},"mobile":{"background-color":"var(--ast-global-color-5)","background-image":"","background-repeat":"repeat","background-position":"center center","background-size":"auto","background-attachment":"scroll","background-type":"","background-media":"","overlay-type":"","overlay-color":"","overlay-opacity":"","overlay-gradient":""}},"dsgo_overlay_header":false,"dsgo_overlay_header_text_color":"","dsgo_overlay_skip_top_bar":false,"_designsetgo_exclude_llms":false,"footnotes":""},"class_list":["post-1602","page","type-page","status-publish","hentry"],"yoast_head":"<!-- This site is optimized with the Yoast SEO plugin v27.2 - https:\/\/yoast.com\/product\/yoast-seo-wordpress\/ -->\n<title>HERRAMIENTAS - Grupo CBC<\/title>\n<meta name=\"robots\" content=\"index, follow, max-snippet:-1, max-image-preview:large, max-video-preview:-1\" \/>\n<link rel=\"canonical\" href=\"https:\/\/grupocbc.com.mx\/?page_id=1602\" \/>\n<meta property=\"og:locale\" content=\"es_ES\" \/>\n<meta property=\"og:type\" content=\"article\" \/>\n<meta property=\"og:title\" content=\"HERRAMIENTAS - Grupo CBC\" \/>\n<meta property=\"og:description\" content=\"Herramienta para preparaci\u00f3n de cable en media tensi\u00f3n Herramienta manual de compresi\u00f3n de un punto Herramienta manual de compresi\u00f3n con cavidad Tipo D y O para conectador tipo H Herramienta hidr\u00e1ulica de compresi\u00f3n para dados tipo U Herramienta hidr\u00e1ulica de compresi\u00f3n de 4 puntos Herramienta electrohidr\u00e1ulica de compresi\u00f3n de 4 puntos Herramienta hidr\u00e1ulica y electrohidr\u00e1ulica [&hellip;]\" \/>\n<meta property=\"og:url\" content=\"https:\/\/grupocbc.com.mx\/?page_id=1602\" \/>\n<meta property=\"og:site_name\" content=\"Grupo CBC\" \/>\n<meta property=\"article:modified_time\" content=\"2021-11-22T23:56:27+00:00\" \/>\n<meta property=\"og:image\" content=\"https:\/\/grupocbc.com.mx\/wp-content\/uploads\/2021\/11\/37_SCPT-1.webp\" \/>\n\t<meta property=\"og:image:width\" content=\"342\" \/>\n\t<meta property=\"og:image:height\" content=\"248\" \/>\n\t<meta property=\"og:image:type\" content=\"image\/webp\" \/>\n<meta name=\"twitter:card\" content=\"summary_large_image\" \/>\n<script type=\"application\/ld+json\" class=\"yoast-schema-graph\">{\"@context\":\"https:\/\/schema.org\",\"@graph\":[{\"@type\":\"WebPage\",\"@id\":\"https:\/\/grupocbc.com.mx\/?page_id=1602\",\"url\":\"https:\/\/grupocbc.com.mx\/?page_id=1602\",\"name\":\"HERRAMIENTAS - Grupo CBC\",\"isPartOf\":{\"@id\":\"https:\/\/grupocbc.com.mx\/#website\"},\"primaryImageOfPage\":{\"@id\":\"https:\/\/grupocbc.com.mx\/?page_id=1602#primaryimage\"},\"image\":{\"@id\":\"https:\/\/grupocbc.com.mx\/?page_id=1602#primaryimage\"},\"thumbnailUrl\":\"https:\/\/grupocbc.com.mx\/wp-content\/uploads\/2021\/11\/37_SCPT-1.webp\",\"datePublished\":\"2021-11-13T06:20:34+00:00\",\"dateModified\":\"2021-11-22T23:56:27+00:00\",\"breadcrumb\":{\"@id\":\"https:\/\/grupocbc.com.mx\/?page_id=1602#breadcrumb\"},\"inLanguage\":\"es\",\"potentialAction\":[{\"@type\":\"ReadAction\",\"target\":[\"https:\/\/grupocbc.com.mx\/?page_id=1602\"]}]},{\"@type\":\"ImageObject\",\"inLanguage\":\"es\",\"@id\":\"https:\/\/grupocbc.com.mx\/?page_id=1602#primaryimage\",\"url\":\"https:\/\/grupocbc.com.mx\/wp-content\/uploads\/2021\/11\/37_SCPT-1.webp\",\"contentUrl\":\"https:\/\/grupocbc.com.mx\/wp-content\/uploads\/2021\/11\/37_SCPT-1.webp\",\"width\":342,\"height\":248},{\"@type\":\"BreadcrumbList\",\"@id\":\"https:\/\/grupocbc.com.mx\/?page_id=1602#breadcrumb\",\"itemListElement\":[{\"@type\":\"ListItem\",\"position\":1,\"name\":\"Portada\",\"item\":\"https:\/\/grupocbc.com.mx\/\"},{\"@type\":\"ListItem\",\"position\":2,\"name\":\"HERRAMIENTAS\"}]},{\"@type\":\"WebSite\",\"@id\":\"https:\/\/grupocbc.com.mx\/#website\",\"url\":\"https:\/\/grupocbc.com.mx\/\",\"name\":\"Grupo CBC\",\"description\":\"GRUPO CBC\",\"publisher\":{\"@id\":\"https:\/\/grupocbc.com.mx\/#organization\"},\"potentialAction\":[{\"@type\":\"SearchAction\",\"target\":{\"@type\":\"EntryPoint\",\"urlTemplate\":\"https:\/\/grupocbc.com.mx\/?s={search_term_string}\"},\"query-input\":{\"@type\":\"PropertyValueSpecification\",\"valueRequired\":true,\"valueName\":\"search_term_string\"}}],\"inLanguage\":\"es\"},{\"@type\":\"Organization\",\"@id\":\"https:\/\/grupocbc.com.mx\/#organization\",\"name\":\"Grupo CBC\",\"url\":\"https:\/\/grupocbc.com.mx\/\",\"logo\":{\"@type\":\"ImageObject\",\"inLanguage\":\"es\",\"@id\":\"https:\/\/grupocbc.com.mx\/#\/schema\/logo\/image\/\",\"url\":\"https:\/\/grupocbc.com.mx\/wp-content\/uploads\/2026\/03\/cropped-logo_cbc.jpeg\",\"contentUrl\":\"https:\/\/grupocbc.com.mx\/wp-content\/uploads\/2026\/03\/cropped-logo_cbc.jpeg\",\"width\":320,\"height\":320,\"caption\":\"Grupo CBC\"},\"image\":{\"@id\":\"https:\/\/grupocbc.com.mx\/#\/schema\/logo\/image\/\"}}]}<\/script>\n<!-- \/ Yoast SEO plugin. -->","yoast_head_json":{"title":"HERRAMIENTAS - Grupo CBC","robots":{"index":"index","follow":"follow","max-snippet":"max-snippet:-1","max-image-preview":"max-image-preview:large","max-video-preview":"max-video-preview:-1"},"canonical":"https:\/\/grupocbc.com.mx\/?page_id=1602","og_locale":"es_ES","og_type":"article","og_title":"HERRAMIENTAS - Grupo CBC","og_description":"Herramienta para preparaci\u00f3n de cable en media tensi\u00f3n Herramienta manual de compresi\u00f3n de un punto Herramienta manual de compresi\u00f3n con cavidad Tipo D y O para conectador tipo H Herramienta hidr\u00e1ulica de compresi\u00f3n para dados tipo U Herramienta hidr\u00e1ulica de compresi\u00f3n de 4 puntos Herramienta electrohidr\u00e1ulica de compresi\u00f3n de 4 puntos Herramienta hidr\u00e1ulica y electrohidr\u00e1ulica [&hellip;]","og_url":"https:\/\/grupocbc.com.mx\/?page_id=1602","og_site_name":"Grupo CBC","article_modified_time":"2021-11-22T23:56:27+00:00","og_image":[{"width":342,"height":248,"url":"https:\/\/grupocbc.com.mx\/wp-content\/uploads\/2021\/11\/37_SCPT-1.webp","type":"image\/webp"}],"twitter_card":"summary_large_image","schema":{"@context":"https:\/\/schema.org","@graph":[{"@type":"WebPage","@id":"https:\/\/grupocbc.com.mx\/?page_id=1602","url":"https:\/\/grupocbc.com.mx\/?page_id=1602","name":"HERRAMIENTAS - Grupo CBC","isPartOf":{"@id":"https:\/\/grupocbc.com.mx\/#website"},"primaryImageOfPage":{"@id":"https:\/\/grupocbc.com.mx\/?page_id=1602#primaryimage"},"image":{"@id":"https:\/\/grupocbc.com.mx\/?page_id=1602#primaryimage"},"thumbnailUrl":"https:\/\/grupocbc.com.mx\/wp-content\/uploads\/2021\/11\/37_SCPT-1.webp","datePublished":"2021-11-13T06:20:34+00:00","dateModified":"2021-11-22T23:56:27+00:00","breadcrumb":{"@id":"https:\/\/grupocbc.com.mx\/?page_id=1602#breadcrumb"},"inLanguage":"es","potentialAction":[{"@type":"ReadAction","target":["https:\/\/grupocbc.com.mx\/?page_id=1602"]}]},{"@type":"ImageObject","inLanguage":"es","@id":"https:\/\/grupocbc.com.mx\/?page_id=1602#primaryimage","url":"https:\/\/grupocbc.com.mx\/wp-content\/uploads\/2021\/11\/37_SCPT-1.webp","contentUrl":"https:\/\/grupocbc.com.mx\/wp-content\/uploads\/2021\/11\/37_SCPT-1.webp","width":342,"height":248},{"@type":"BreadcrumbList","@id":"https:\/\/grupocbc.com.mx\/?page_id=1602#breadcrumb","itemListElement":[{"@type":"ListItem","position":1,"name":"Portada","item":"https:\/\/grupocbc.com.mx\/"},{"@type":"ListItem","position":2,"name":"HERRAMIENTAS"}]},{"@type":"WebSite","@id":"https:\/\/grupocbc.com.mx\/#website","url":"https:\/\/grupocbc.com.mx\/","name":"Grupo CBC","description":"GRUPO CBC","publisher":{"@id":"https:\/\/grupocbc.com.mx\/#organization"},"potentialAction":[{"@type":"SearchAction","target":{"@type":"EntryPoint","urlTemplate":"https:\/\/grupocbc.com.mx\/?s={search_term_string}"},"query-input":{"@type":"PropertyValueSpecification","valueRequired":true,"valueName":"search_term_string"}}],"inLanguage":"es"},{"@type":"Organization","@id":"https:\/\/grupocbc.com.mx\/#organization","name":"Grupo CBC","url":"https:\/\/grupocbc.com.mx\/","logo":{"@type":"ImageObject","inLanguage":"es","@id":"https:\/\/grupocbc.com.mx\/#\/schema\/logo\/image\/","url":"https:\/\/grupocbc.com.mx\/wp-content\/uploads\/2026\/03\/cropped-logo_cbc.jpeg","contentUrl":"https:\/\/grupocbc.com.mx\/wp-content\/uploads\/2026\/03\/cropped-logo_cbc.jpeg","width":320,"height":320,"caption":"Grupo CBC"},"image":{"@id":"https:\/\/grupocbc.com.mx\/#\/schema\/logo\/image\/"}}]}},"_links":{"self":[{"href":"https:\/\/grupocbc.com.mx\/index.php?rest_route=\/wp\/v2\/pages\/1602","targetHints":{"allow":["GET"]}}],"collection":[{"href":"https:\/\/grupocbc.com.mx\/index.php?rest_route=\/wp\/v2\/pages"}],"about":[{"href":"https:\/\/grupocbc.com.mx\/index.php?rest_route=\/wp\/v2\/types\/page"}],"author":[{"embeddable":true,"href":"https:\/\/grupocbc.com.mx\/index.php?rest_route=\/wp\/v2\/users\/1"}],"replies":[{"embeddable":true,"href":"https:\/\/grupocbc.com.mx\/index.php?rest_route=%2Fwp%2Fv2%2Fcomments&post=1602"}],"version-history":[{"count":25,"href":"https:\/\/grupocbc.com.mx\/index.php?rest_route=\/wp\/v2\/pages\/1602\/revisions"}],"predecessor-version":[{"id":2058,"href":"https:\/\/grupocbc.com.mx\/index.php?rest_route=\/wp\/v2\/pages\/1602\/revisions\/2058"}],"wp:attachment":[{"href":"https:\/\/grupocbc.com.mx\/index.php?rest_route=%2Fwp%2Fv2%2Fmedia&parent=1602"}],"curies":[{"name":"wp","href":"https:\/\/api.w.org\/{rel}","templated":true}]}}