{"id":149,"date":"2021-10-14T21:54:29","date_gmt":"2021-10-14T21:54:29","guid":{"rendered":"https:\/\/coblince.com.mx\/?page_id=149"},"modified":"2026-03-01T01:31:03","modified_gmt":"2026-03-01T01:31:03","slug":"politica-de-privacidad","status":"publish","type":"page","link":"https:\/\/grupocbc.com.mx\/?page_id=149","title":{"rendered":"Politica de Privacidad"},"content":{"rendered":"\t\t<div data-elementor-type=\"wp-page\" data-elementor-id=\"149\" class=\"elementor elementor-149\">\n\t\t\t\t\t\t<section class=\"elementor-section elementor-top-section elementor-element elementor-element-db1f93f elementor-section-content-middle elementor-section-boxed elementor-section-height-default elementor-section-height-default\" data-id=\"db1f93f\" data-element_type=\"section\" data-e-type=\"section\" data-settings=\"{&quot;background_background&quot;:&quot;classic&quot;}\">\n\t\t\t\t\t\t<div class=\"elementor-container elementor-column-gap-no\">\n\t\t\t\t\t<div class=\"elementor-column elementor-col-100 elementor-top-column elementor-element elementor-element-1b5128e6\" data-id=\"1b5128e6\" data-element_type=\"column\" data-e-type=\"column\">\n\t\t\t<div class=\"elementor-widget-wrap elementor-element-populated\">\n\t\t\t\t\t\t<div class=\"elementor-element elementor-element-368da46f elementor-widget elementor-widget-heading\" data-id=\"368da46f\" data-element_type=\"widget\" data-e-type=\"widget\" data-widget_type=\"heading.default\">\n\t\t\t\t<div class=\"elementor-widget-container\">\n\t\t\t\t\t<h4 class=\"elementor-heading-title elementor-size-default\">AVISO DE PRIVACIDAD <\/h4>\t\t\t\t<\/div>\n\t\t\t\t<\/div>\n\t\t\t\t<div class=\"elementor-element elementor-element-4fae82f3 elementor-widget elementor-widget-text-editor\" data-id=\"4fae82f3\" data-element_type=\"widget\" data-e-type=\"widget\" data-widget_type=\"text-editor.default\">\n\t\t\t\t<div class=\"elementor-widget-container\">\n\t\t\t\t\t\t\t\t\t<p>GRUPO CBC, S.A. DE C.V con domicilio para efectos de este aviso en Ernesto Pugibet #47, Local 33BC, Col. Centro, C\u00f3digo Postal 06070, Delegaci\u00f3n Cuauht\u00e9moc, Distrito Federal. Aprovecha para informarle que, de conformidad con la Ley Federal de Protecci\u00f3n de Datos Personales en Posesi\u00f3n de Particulares y su Reglamento (en lo sucesivo \u201cLa Ley\u201d), se entender\u00e1 que usted est\u00e1 de acuerdo con la recopilaci\u00f3n, uso, transmisi\u00f3n y almacenamiento de los datos personales, patrimoniales y en su caso, sensibles que nos sean proporcionados de conformidad con los siguientes T\u00e9rminos y Condiciones:<\/p><p>De acuerdo a lo establecido en la Ley Federal de Protecci\u00f3n de Datos Personales en Posesi\u00f3n de los Particulares, usted tiene derecho al Acceso, Rectificaci\u00f3n, Cancelaci\u00f3n u Oposici\u00f3n al Tratamiento de sus Datos Personales (Derechos ARCO), mediante forma escrita o electr\u00f3nica, dirigiendo su mensaje a GRUPO CBC, S.A. DE C.V con domicilio en Ernesto Pugibet #47, Local 33BC, Col. Centro, C\u00f3digo Postal 06070, Delegaci\u00f3n Cuauht\u00e9moc, Distrito Federal, o a la direcci\u00f3n electr\u00f3nica protecciondatos@grupocbc.com.mx con atenci\u00f3n a nuestro encargado del Departamento de Datos Personales, o al tel\u00e9fono 5510 9990 de lunes a viernes de las 9:00 a las 14:00 horas.<\/p><p>Asimismo, le informamos que los datos personales, a\u00fan los sensibles, indicados en los documentos registrados por usted, en virtud de los productos y servicios que adquiera por medio de esta empresa se tratar\u00e1n usar\u00e1n para:<\/p><ol><li>Comercializar los productos y dar servicios, por lo cual le solicitaremos los siguientes datos personales: nombre, direcci\u00f3n, tel\u00e9fono, correo electr\u00f3nico, registro federal de contribuyentes.<\/li><li>Si requiere contactarse con nosotros a trav\u00e9s de nuestra p\u00e1gina web solicitaremos: nombre, correo electr\u00f3nico y tel\u00e9fono.<\/li><li>Promoci\u00f3n de nuestros productos a trav\u00e9s de boletines electr\u00f3nicos, por lo que necesitamos que nos proporcione: nombre y correo electr\u00f3nico.<\/li><li>Aplicar la garant\u00eda de los productos que comercializamos, por lo que requeriremos: nombre, direcci\u00f3n, tel\u00e9fono y correo electr\u00f3nico.<\/li><li>En caso de solicitar el control de calidad de nuestros productos necesitamos: nombre, direcci\u00f3n, tel\u00e9fono y correo electr\u00f3nico.<\/li><li>Para efectos de facturaci\u00f3n nos deber\u00e1 proporcionar: C\u00e9dula fiscal, tel\u00e9fono, correo electr\u00f3nico y datos bancarios.<\/li><li>En lo que se refiere a las relaciones comerciales con nuestros proveedores nacionales o internacionales, \u00e9stos nos deber\u00e1n proporcionar: c\u00e9dula fiscal, Acta constitutiva, poder legal en su caso, datos bancarios, Swifft,Code,Abba, correo electr\u00f3nico, comprobante de domicilio e Identificaci\u00f3n oficial.<\/li><li>En el caso de requerir transportar mercanc\u00edas de otros pa\u00edses solicitamos el apoyo de Agentes Aduanales, por lo que solicitaremos: ID fiscal, datos bancarios, correo electr\u00f3nico y comprobante de domicilio.<\/li><li>Si requiere solicitar un cr\u00e9dito le solicitaremos: nombre, domicilio, tel\u00e9fono, correo electr\u00f3nico, referencias comerciales, estados de cuenta bancarios, R.F.C., declaraci\u00f3n de impuestos. En este caso, su informaci\u00f3n podr\u00e1 ser transferida a despachos especializados en investigaciones de cr\u00e9dito y cobranza, a personas f\u00edsicas o morales que soliciten referencias comerciales, as\u00ed como al Bur\u00f3 de Cr\u00e9dito.<\/li><li>En los procesos de Reclutamiento y Selecci\u00f3n de Personal solicitamos: Nombre, Acta de nacimiento, acta de matrimonio (en su caso), sexo, comprobante de domicilio, tel\u00e9fono, experiencia laboral, referencias personales, documentos que acrediten la escolaridad; datos sensibles como: estado de salud actual, tipo de sangre, estudio socioecon\u00f3mico, estudios psicom\u00e9tricos. En este caso, su informaci\u00f3n podr\u00e1 ser transmitida a despachos especializados en estudios socioecon\u00f3micos.<\/li><li>En caso de ingresar a nuestras instalaciones le solicitaremos: nombre, identificaci\u00f3n oficial, en el caso de ingresar con veh\u00edculo-placas, y firma.<\/li><li>Las redes sociales (tales como Facebook\u00ae y Twitter\u00ae, entre otras) constituyen una plataforma de comunicaci\u00f3n y de interconexi\u00f3n entre plataformas digitales de los distintos usuarios, y son ajenas a GRUPO CBC, S.A. DE C.V. y, por lo tanto, no se encuentran bajo nuestra responsabilidad.<\/li><\/ol><p>Limitaci\u00f3n del uso o divulgaci\u00f3n de tus Datos Personales.<\/p><p>Con el fin de garantizar la protecci\u00f3n de tus Datos Personales y limitar el uso o divulgaci\u00f3n no autorizada de los mismos, GRUPO CBC, S.A. DE C.V continuamente realiza y realizar\u00e1 las siguientes acciones:<\/p><ul><li>Confidencialidad de la informaci\u00f3n: Guardar\u00e1 confidencialidad respecto de sus Datos Personales recabados, mismos que subsistir\u00e1n aun despu\u00e9s de finalizar sus relaciones comerciales o de otra naturaleza con el cliente o titular de dichos Datos Personales.<\/li><li>Notificaci\u00f3n de confidencialidad: En caso de que, por alg\u00fan motivo, GRUPO CBC, S.A. DE C.V se vea en la necesidad de proporcionar sus Datos Personales a terceros (en los t\u00e9rminos previstos en la Ley o en el presente Aviso de Privacidad), notificar\u00e1 a dichos terceros la obligaci\u00f3n de cumplir con las disposiciones de la Ley y la confidencialidad de sus Datos Personales. Asimismo, solicitamos nos indique si acepta que sus datos sean enviados a terceros, no obstaculizando con ello cualquier relaci\u00f3n contractual con nosotros.<\/li><li>Administraci\u00f3n de bases de datos. Los Datos Personales son administrados y resguardados mediante el uso de bases de datos (\u201cBase de Datos\u201d), las cuales son administradas \u00fanicamente por las personas designadas por GRUPO CBC, S.A. DE C.V para tal efecto, sin que se permita su uso, consulta, manejo o acceso a personas no autorizadas.<\/li><li>En el caso de programas de notificaci\u00f3n de promociones, ofertas y servicios de correo electr\u00f3nico, s\u00f3lo GRUPO CBC, S.A. DE C.V tiene acceso a la informaci\u00f3n recabada. Este tipo de publicidad se realiza mediante avisos y mensajes promocionales de correo electr\u00f3nico, los cuales s\u00f3lo ser\u00e1n enviados a usted y aquellos contactos registrados para tal prop\u00f3sito, esta indicaci\u00f3n usted podr\u00e1 modificarla en cualquier momento.<\/li><\/ul><p>GRUPO CBC, S.A. DE C.V se reserva el derecho de efectuar, en cualquier momento, modificaciones o actualizaciones al presente Aviso de Privacidad, para la atenci\u00f3n de novedades legislativas o jurisprudenciales, pol\u00edticas internas, nuevos requerimientos para la prestaci\u00f3n u ofrecimiento de sus productos y servicios, o por pr\u00e1cticas comerciales.<\/p><p>Por lo anterior, en caso de que GRUPO CBC , S.A. DE C.V llegare a modificar el contenido del presente Aviso de Privacidad, lo har\u00e1 del conocimiento de sus usuarios a trav\u00e9s de su p\u00e1gina web <a href=\"https:\/\/grupocbc.com.mx\/index.html\">www.grupocbc.com.mx<\/a>.<\/p><p>De no estar de acuerdo con el presente Aviso de Privacidad, no deber\u00e1 proporcionar ning\u00fan dato personal, patrimonial ni sensible que le sea solicitado por GRUPO CBC, S.A. DE C.V por cualquier medio f\u00edsico o electr\u00f3nico.<\/p><p>El presente Aviso de Privacidad fue actualizado el 6 de febrero de 2026.<\/p>\t\t\t\t\t\t\t\t<\/div>\n\t\t\t\t<\/div>\n\t\t\t\t\t<\/div>\n\t\t<\/div>\n\t\t\t\t\t<\/div>\n\t\t<\/section>\n\t\t\t\t<\/div>\n\t\t","protected":false},"excerpt":{"rendered":"<p>AVISO DE PRIVACIDAD GRUPO CBC, S.A. DE C.V con domicilio para efectos de este aviso en Ernesto Pugibet #47, Local 33BC, Col. Centro, C\u00f3digo Postal 06070, Delegaci\u00f3n Cuauht\u00e9moc, Distrito Federal. Aprovecha para informarle que, de conformidad con la Ley Federal de Protecci\u00f3n de Datos Personales en Posesi\u00f3n de Particulares y su Reglamento (en lo sucesivo [&hellip;]<\/p>\n","protected":false},"author":1,"featured_media":0,"parent":0,"menu_order":0,"comment_status":"closed","ping_status":"closed","template":"","meta":{"site-sidebar-layout":"no-sidebar","site-content-layout":"page-builder","ast-site-content-layout":"default","site-content-style":"default","site-sidebar-style":"default","ast-global-header-display":"","ast-banner-title-visibility":"","ast-main-header-display":"","ast-hfb-above-header-display":"","ast-hfb-below-header-display":"","ast-hfb-mobile-header-display":"","site-post-title":"disabled","ast-breadcrumbs-content":"","ast-featured-img":"disabled","footer-sml-layout":"","ast-disable-related-posts":"","theme-transparent-header-meta":"default","adv-header-id-meta":"","stick-header-meta":"","header-above-stick-meta":"","header-main-stick-meta":"","header-below-stick-meta":"","astra-migrate-meta-layouts":"default","ast-page-background-enabled":"default","ast-page-background-meta":{"desktop":{"background-color":"var(--ast-global-color-4)","background-image":"","background-repeat":"repeat","background-position":"center center","background-size":"auto","background-attachment":"scroll","background-type":"","background-media":"","overlay-type":"","overlay-color":"","overlay-opacity":"","overlay-gradient":""},"tablet":{"background-color":"","background-image":"","background-repeat":"repeat","background-position":"center center","background-size":"auto","background-attachment":"scroll","background-type":"","background-media":"","overlay-type":"","overlay-color":"","overlay-opacity":"","overlay-gradient":""},"mobile":{"background-color":"","background-image":"","background-repeat":"repeat","background-position":"center center","background-size":"auto","background-attachment":"scroll","background-type":"","background-media":"","overlay-type":"","overlay-color":"","overlay-opacity":"","overlay-gradient":""}},"ast-content-background-meta":{"desktop":{"background-color":"var(--ast-global-color-5)","background-image":"","background-repeat":"repeat","background-position":"center center","background-size":"auto","background-attachment":"scroll","background-type":"","background-media":"","overlay-type":"","overlay-color":"","overlay-opacity":"","overlay-gradient":""},"tablet":{"background-color":"var(--ast-global-color-5)","background-image":"","background-repeat":"repeat","background-position":"center center","background-size":"auto","background-attachment":"scroll","background-type":"","background-media":"","overlay-type":"","overlay-color":"","overlay-opacity":"","overlay-gradient":""},"mobile":{"background-color":"var(--ast-global-color-5)","background-image":"","background-repeat":"repeat","background-position":"center center","background-size":"auto","background-attachment":"scroll","background-type":"","background-media":"","overlay-type":"","overlay-color":"","overlay-opacity":"","overlay-gradient":""}},"dsgo_overlay_header":false,"dsgo_overlay_header_text_color":"","dsgo_overlay_skip_top_bar":false,"_designsetgo_exclude_llms":false,"footnotes":""},"class_list":["post-149","page","type-page","status-publish","hentry"],"yoast_head":"<!-- This site is optimized with the Yoast SEO plugin v27.2 - https:\/\/yoast.com\/product\/yoast-seo-wordpress\/ -->\n<title>Politica de Privacidad - Grupo CBC<\/title>\n<meta name=\"robots\" content=\"index, follow, max-snippet:-1, max-image-preview:large, max-video-preview:-1\" \/>\n<link rel=\"canonical\" href=\"https:\/\/grupocbc.com.mx\/?page_id=149\" \/>\n<meta property=\"og:locale\" content=\"es_ES\" \/>\n<meta property=\"og:type\" content=\"article\" \/>\n<meta property=\"og:title\" content=\"Politica de Privacidad - Grupo CBC\" \/>\n<meta property=\"og:description\" content=\"AVISO DE PRIVACIDAD GRUPO CBC, S.A. DE C.V con domicilio para efectos de este aviso en Ernesto Pugibet #47, Local 33BC, Col. Centro, C\u00f3digo Postal 06070, Delegaci\u00f3n Cuauht\u00e9moc, Distrito Federal. Aprovecha para informarle que, de conformidad con la Ley Federal de Protecci\u00f3n de Datos Personales en Posesi\u00f3n de Particulares y su Reglamento (en lo sucesivo [&hellip;]\" \/>\n<meta property=\"og:url\" content=\"https:\/\/grupocbc.com.mx\/?page_id=149\" \/>\n<meta property=\"og:site_name\" content=\"Grupo CBC\" \/>\n<meta property=\"article:modified_time\" content=\"2026-03-01T01:31:03+00:00\" \/>\n<meta name=\"twitter:card\" content=\"summary_large_image\" \/>\n<meta name=\"twitter:label1\" content=\"Tiempo de lectura\" \/>\n\t<meta name=\"twitter:data1\" content=\"6 minutos\" \/>\n<script type=\"application\/ld+json\" class=\"yoast-schema-graph\">{\"@context\":\"https:\/\/schema.org\",\"@graph\":[{\"@type\":\"WebPage\",\"@id\":\"https:\/\/grupocbc.com.mx\/?page_id=149\",\"url\":\"https:\/\/grupocbc.com.mx\/?page_id=149\",\"name\":\"Politica de Privacidad - Grupo CBC\",\"isPartOf\":{\"@id\":\"https:\/\/grupocbc.com.mx\/#website\"},\"datePublished\":\"2021-10-14T21:54:29+00:00\",\"dateModified\":\"2026-03-01T01:31:03+00:00\",\"breadcrumb\":{\"@id\":\"https:\/\/grupocbc.com.mx\/?page_id=149#breadcrumb\"},\"inLanguage\":\"es\",\"potentialAction\":[{\"@type\":\"ReadAction\",\"target\":[\"https:\/\/grupocbc.com.mx\/?page_id=149\"]}]},{\"@type\":\"BreadcrumbList\",\"@id\":\"https:\/\/grupocbc.com.mx\/?page_id=149#breadcrumb\",\"itemListElement\":[{\"@type\":\"ListItem\",\"position\":1,\"name\":\"Portada\",\"item\":\"https:\/\/grupocbc.com.mx\/\"},{\"@type\":\"ListItem\",\"position\":2,\"name\":\"Politica de Privacidad\"}]},{\"@type\":\"WebSite\",\"@id\":\"https:\/\/grupocbc.com.mx\/#website\",\"url\":\"https:\/\/grupocbc.com.mx\/\",\"name\":\"Grupo CBC\",\"description\":\"GRUPO CBC\",\"publisher\":{\"@id\":\"https:\/\/grupocbc.com.mx\/#organization\"},\"potentialAction\":[{\"@type\":\"SearchAction\",\"target\":{\"@type\":\"EntryPoint\",\"urlTemplate\":\"https:\/\/grupocbc.com.mx\/?s={search_term_string}\"},\"query-input\":{\"@type\":\"PropertyValueSpecification\",\"valueRequired\":true,\"valueName\":\"search_term_string\"}}],\"inLanguage\":\"es\"},{\"@type\":\"Organization\",\"@id\":\"https:\/\/grupocbc.com.mx\/#organization\",\"name\":\"Grupo CBC\",\"url\":\"https:\/\/grupocbc.com.mx\/\",\"logo\":{\"@type\":\"ImageObject\",\"inLanguage\":\"es\",\"@id\":\"https:\/\/grupocbc.com.mx\/#\/schema\/logo\/image\/\",\"url\":\"https:\/\/grupocbc.com.mx\/wp-content\/uploads\/2026\/03\/cropped-logo_cbc.jpeg\",\"contentUrl\":\"https:\/\/grupocbc.com.mx\/wp-content\/uploads\/2026\/03\/cropped-logo_cbc.jpeg\",\"width\":320,\"height\":320,\"caption\":\"Grupo CBC\"},\"image\":{\"@id\":\"https:\/\/grupocbc.com.mx\/#\/schema\/logo\/image\/\"}}]}<\/script>\n<!-- \/ Yoast SEO plugin. -->","yoast_head_json":{"title":"Politica de Privacidad - Grupo CBC","robots":{"index":"index","follow":"follow","max-snippet":"max-snippet:-1","max-image-preview":"max-image-preview:large","max-video-preview":"max-video-preview:-1"},"canonical":"https:\/\/grupocbc.com.mx\/?page_id=149","og_locale":"es_ES","og_type":"article","og_title":"Politica de Privacidad - Grupo CBC","og_description":"AVISO DE PRIVACIDAD GRUPO CBC, S.A. DE C.V con domicilio para efectos de este aviso en Ernesto Pugibet #47, Local 33BC, Col. Centro, C\u00f3digo Postal 06070, Delegaci\u00f3n Cuauht\u00e9moc, Distrito Federal. Aprovecha para informarle que, de conformidad con la Ley Federal de Protecci\u00f3n de Datos Personales en Posesi\u00f3n de Particulares y su Reglamento (en lo sucesivo [&hellip;]","og_url":"https:\/\/grupocbc.com.mx\/?page_id=149","og_site_name":"Grupo CBC","article_modified_time":"2026-03-01T01:31:03+00:00","twitter_card":"summary_large_image","twitter_misc":{"Tiempo de lectura":"6 minutos"},"schema":{"@context":"https:\/\/schema.org","@graph":[{"@type":"WebPage","@id":"https:\/\/grupocbc.com.mx\/?page_id=149","url":"https:\/\/grupocbc.com.mx\/?page_id=149","name":"Politica de Privacidad - Grupo CBC","isPartOf":{"@id":"https:\/\/grupocbc.com.mx\/#website"},"datePublished":"2021-10-14T21:54:29+00:00","dateModified":"2026-03-01T01:31:03+00:00","breadcrumb":{"@id":"https:\/\/grupocbc.com.mx\/?page_id=149#breadcrumb"},"inLanguage":"es","potentialAction":[{"@type":"ReadAction","target":["https:\/\/grupocbc.com.mx\/?page_id=149"]}]},{"@type":"BreadcrumbList","@id":"https:\/\/grupocbc.com.mx\/?page_id=149#breadcrumb","itemListElement":[{"@type":"ListItem","position":1,"name":"Portada","item":"https:\/\/grupocbc.com.mx\/"},{"@type":"ListItem","position":2,"name":"Politica de Privacidad"}]},{"@type":"WebSite","@id":"https:\/\/grupocbc.com.mx\/#website","url":"https:\/\/grupocbc.com.mx\/","name":"Grupo CBC","description":"GRUPO CBC","publisher":{"@id":"https:\/\/grupocbc.com.mx\/#organization"},"potentialAction":[{"@type":"SearchAction","target":{"@type":"EntryPoint","urlTemplate":"https:\/\/grupocbc.com.mx\/?s={search_term_string}"},"query-input":{"@type":"PropertyValueSpecification","valueRequired":true,"valueName":"search_term_string"}}],"inLanguage":"es"},{"@type":"Organization","@id":"https:\/\/grupocbc.com.mx\/#organization","name":"Grupo CBC","url":"https:\/\/grupocbc.com.mx\/","logo":{"@type":"ImageObject","inLanguage":"es","@id":"https:\/\/grupocbc.com.mx\/#\/schema\/logo\/image\/","url":"https:\/\/grupocbc.com.mx\/wp-content\/uploads\/2026\/03\/cropped-logo_cbc.jpeg","contentUrl":"https:\/\/grupocbc.com.mx\/wp-content\/uploads\/2026\/03\/cropped-logo_cbc.jpeg","width":320,"height":320,"caption":"Grupo CBC"},"image":{"@id":"https:\/\/grupocbc.com.mx\/#\/schema\/logo\/image\/"}}]}},"_links":{"self":[{"href":"https:\/\/grupocbc.com.mx\/index.php?rest_route=\/wp\/v2\/pages\/149","targetHints":{"allow":["GET"]}}],"collection":[{"href":"https:\/\/grupocbc.com.mx\/index.php?rest_route=\/wp\/v2\/pages"}],"about":[{"href":"https:\/\/grupocbc.com.mx\/index.php?rest_route=\/wp\/v2\/types\/page"}],"author":[{"embeddable":true,"href":"https:\/\/grupocbc.com.mx\/index.php?rest_route=\/wp\/v2\/users\/1"}],"replies":[{"embeddable":true,"href":"https:\/\/grupocbc.com.mx\/index.php?rest_route=%2Fwp%2Fv2%2Fcomments&post=149"}],"version-history":[{"count":7,"href":"https:\/\/grupocbc.com.mx\/index.php?rest_route=\/wp\/v2\/pages\/149\/revisions"}],"predecessor-version":[{"id":3928,"href":"https:\/\/grupocbc.com.mx\/index.php?rest_route=\/wp\/v2\/pages\/149\/revisions\/3928"}],"wp:attachment":[{"href":"https:\/\/grupocbc.com.mx\/index.php?rest_route=%2Fwp%2Fv2%2Fmedia&parent=149"}],"curies":[{"name":"wp","href":"https:\/\/api.w.org\/{rel}","templated":true}]}}